{"id":223,"date":"2022-03-31T04:52:42","date_gmt":"2022-03-31T04:52:42","guid":{"rendered":"https:\/\/amcmining.wpengine.com\/?page_id=223"},"modified":"2023-02-02T20:17:43","modified_gmt":"2023-02-02T20:17:43","slug":"senior-management","status":"publish","type":"page","link":"https:\/\/www.americasmining.com\/eng\/senior-management\/","title":{"rendered":"Senior Management AMC"},"content":{"rendered":"<div class=\"wpb-content-wrapper\"><p>[vc_row full_width=&#8221;stretch_row_content&#8221; equal_height=&#8221;yes&#8221;][vc_column width=&#8221;1\/4&#8243; css=&#8221;.vc_custom_1654753480367{background-color: #0096a9 !important;}&#8221;][vc_column_text]<\/p>\n<p style=\"text-align: right;\"><span style=\"color: #ffffff;\">CORPORATE <\/span><br \/>\n<span style=\"color: #ffffff;\">GOVERNANCE<\/span><\/p>\n<p>[\/vc_column_text][\/vc_column][vc_column width=&#8221;3\/4&#8243; css=&#8221;.vc_custom_1645517598964{background-color: #ededed !important;}&#8221;][vc_column_text]<\/p>\n<h2 class=\"xs-fix-pad\"><span style=\"color: #545859;\">SENIOR MANAGEMENT AMC<\/span><\/h2>\n<p>[\/vc_column_text][\/vc_column][\/vc_row][vc_row][vc_column css=&#8221;.vc_custom_1675228877639{padding-top: 2% !important;}&#8221;][vc_column_text]<\/p>\n<h4 class=\"title-team-tab\"><span style=\"color: #333333;\">AMERICAS MINING CORPORATION<\/span><br \/>\n<span style=\"color: #0096a9;\">MINING DIVISION<\/span><\/h4>\n<p>[\/vc_column_text][\/vc_column][\/vc_row][vc_row][vc_column width=&#8221;1\/2&#8243;][vc_column_text]<\/p>\n<div class=\"item-team-tab\">\n<h4 class=\"item-title-team-tab\"><span style=\"color: #808080;\">GERM\u00c1N LARREA MOTA VELASCO<\/span><\/h4>\n<div class=\"item-subtitle-team-tab\"><span style=\"color: #808080;\">Chairman of the Board<\/span><\/div>\n<\/div>\n<p>&nbsp;<\/p>\n<div class=\"item-team-tab\">\n<h4 class=\"item-title-team-tab\"><span style=\"color: #808080;\">OSCAR GONZ\u00c1LEZ ROCHA<\/span><\/h4>\n<div class=\"item-subtitle-team-tab\">\n<p><span style=\"color: #808080;\">Chief Executive Officer<\/span><\/p>\n<p>&nbsp;<\/p>\n<\/div>\n<\/div>\n<div class=\"item-team-tab\">\n<h4 class=\"item-title-team-tab\"><span style=\"color: #808080;\">XAVIER GARC\u00cdA DE QUEVEDO TOPETE<\/span><\/h4>\n<div class=\"item-subtitle-team-tab\">\n<p><span style=\"color: #808080;\">Executive Vice-President<\/span><\/p>\n<p>&nbsp;<\/p>\n<\/div>\n<\/div>\n<div class=\"item-team-tab\">\n<h4 class=\"item-title-team-tab\"><span style=\"color: #808080;\">LEONARDO CONTRERAS LERDO DE TEJADA<\/span><\/h4>\n<div class=\"item-subtitle-team-tab\">\n<p><span style=\"color: #808080;\">Director of Administration and Finance<\/span><\/p>\n<p>&nbsp;<\/p>\n<\/div>\n<\/div>\n<div class=\"item-team-tab\">\n<h4 class=\"item-title-team-tab\"><span style=\"color: #808080;\">VIDAL MUHECH DIP<\/span><\/h4>\n<div class=\"item-subtitle-team-tab\">\n<p><span style=\"color: #808080;\">Chairman of the Directors Committee<\/span><\/p>\n<p>&nbsp;<\/p>\n<\/div>\n<\/div>\n<div class=\"item-team-tab\">\n<h4 class=\"item-title-team-tab\"><span style=\"color: #808080;\">DANIEL CH\u00c1VEZ CARRE\u00d3N<\/span><\/h4>\n<div class=\"item-subtitle-team-tab\">\n<p><span style=\"color: #808080;\">Operations Director<\/span><\/p>\n<p>&nbsp;<\/p>\n<\/div>\n<\/div>\n<div class=\"item-team-tab\">\n<h4 class=\"item-title-team-tab\"><span style=\"color: #808080;\">FRANCISCO DOMENECH FERN\u00c1NDEZ<\/span><\/h4>\n<div class=\"item-subtitle-team-tab\">\n<p><span style=\"color: #808080;\">Commercial Director<\/span><\/p>\n<p>&nbsp;<\/p>\n<\/div>\n<\/div>\n<div class=\"item-team-tab\">\n<h4 class=\"item-title-team-tab\"><span style=\"color: #808080;\">MARTIN UGARTECHE CROSBY<\/span><\/h4>\n<div class=\"item-subtitle-team-tab\">\n<p><span style=\"color: #808080;\">Director of Supply<\/span><\/p>\n<p>&nbsp;<\/p>\n<\/div>\n<\/div>\n<div class=\"item-team-tab\">\n<h4 class=\"item-title-team-tab\"><span style=\"color: #808080;\">MANUEL HALLIVIS P\u00c9REZ<\/span><\/h4>\n<div class=\"item-subtitle-team-tab\">\n<p><span style=\"color: #808080;\">General Counsel and Head of Compliance<\/span><\/p>\n<\/div>\n<\/div>\n<p>&nbsp;<\/p>\n<div class=\"item-team-tab\">\n<h4 class=\"item-title-team-tab\"><span style=\"color: #808080;\">JORGE LAZALDE PSIHAS<\/span><\/h4>\n<div class=\"item-subtitle-team-tab\">\n<p><span style=\"color: #808080;\">Director of Legal and Institutional Relations<\/span><\/p>\n<p>&nbsp;<\/p>\n<\/div>\n<\/div>\n<div class=\"item-team-tab\">\n<h4 class=\"item-title-team-tab\"><span style=\"color: #808080;\">FRANCISCO L\u00d3PEZ GUERRA LARREA<\/span><\/h4>\n<div class=\"item-subtitle-team-tab\">\n<p><span style=\"color: #808080;\">Sustaintability Director<\/span><\/p>\n<p>&nbsp;<\/p>\n<\/div>\n<\/div>\n<div class=\"item-team-tab\">\n<h4 class=\"item-title-team-tab\"><span style=\"color: #808080;\">OSCAR GONZ\u00c1LEZ BARR\u00d3N<\/span><\/h4>\n<div class=\"item-subtitle-team-tab\">\n<p><span style=\"color: #808080;\">Director of Administration and Control<\/span><\/p>\n<p>&nbsp;<\/p>\n<\/div>\n<\/div>\n<div class=\"item-team-tab\">\n<h4 class=\"item-title-team-tab\"><span style=\"color: #808080;\">FEDERICO POO MANTEC\u00d3N<\/span><\/h4>\n<div class=\"item-subtitle-team-tab\">\n<p><span style=\"color: #808080;\">Director of Human Resources<\/span><\/p>\n<p>&nbsp;<\/p>\n<\/div>\n<\/div>\n<p>[\/vc_column_text][\/vc_column][vc_column width=&#8221;1\/2&#8243; css=&#8221;.vc_custom_1654755111703{border-left-width: 1px !important;padding-top: 5px !important;border-left-color: #c9c9c9 !important;border-left-style: solid !important;}&#8221;][vc_column_text]<\/p>\n<div class=\"item-team-tab\">\n<h4 class=\"item-title-team-tab\"><span style=\"color: #808080;\">ERNESTO R\u00cdOS PATR\u00d3N<\/span><\/h4>\n<div class=\"item-subtitle-team-tab\">\n<p><span style=\"color: #808080;\">Director of Engineering and Construction<\/span><\/p>\n<p>&nbsp;<\/p>\n<\/div>\n<\/div>\n<div class=\"item-team-tab\">\n<h4 class=\"item-title-team-tab\"><span style=\"color: #808080;\">JOS\u00c9 RAM\u00d3N GONZ\u00c1LEZ GARC\u00cdA<\/span><\/h4>\n<div class=\"item-subtitle-team-tab\">\n<p><span style=\"color: #808080;\">Director of Information Technology<\/span><\/p>\n<p>&nbsp;<\/p>\n<\/div>\n<div><\/div>\n<\/div>\n<div class=\"item-team-tab\">\n<h4 class=\"item-title-team-tab\"><span style=\"color: #808080;\">RAFAEL R\u00cdOS GARC\u00cdA<\/span><\/h4>\n<div class=\"item-subtitle-team-tab\">\n<p><span style=\"color: #808080;\">Safety Officer<\/span><\/p>\n<p>&nbsp;<\/p>\n<\/div>\n<\/div>\n<p>&nbsp;<\/p>\n<div class=\"subtitle-team\">\n<p><span style=\"color: #0096a9;\"><b>SOUTHERN PERU<\/b><\/span><\/p>\n<p>&nbsp;<\/p>\n<\/div>\n<div class=\"item-team-tab\">\n<div><\/div>\n<h4 class=\"item-title-team-tab\"><span style=\"color: #808080;\">JORGE MEZA VIVEROS<\/span><\/h4>\n<div class=\"item-subtitle-team-tab\">\n<p><span style=\"color: #808080;\">Chief Operating Officer Southern Peru<\/span><\/p>\n<p>&nbsp;<\/p>\n<\/div>\n<div><\/div>\n<\/div>\n<div class=\"item-team-tab\">\n<h4 class=\"item-title-team-tab\"><span style=\"color: #808080;\">RAUL JACOB RUISANCHEZ<\/span><\/h4>\n<div class=\"item-subtitle-team-tab\">\n<p><span style=\"color: #808080;\">Director of Administration and Finance Southern Peru<\/span><\/p>\n<p>&nbsp;<\/p>\n<\/div>\n<\/div>\n<p>&nbsp;<\/p>\n<div class=\"subtitle-team\">\n<p><span style=\"color: #0096a9;\"><b>ASARCO<\/b><\/span><\/p>\n<p>&nbsp;<\/p>\n<\/div>\n<div><\/div>\n<div class=\"item-team-tab\">\n<h4 class=\"item-title-team-tab\"><span style=\"color: #808080;\">LEONARDO CONTRERAS LERDO DE TEJADA<\/span><\/h4>\n<div class=\"item-subtitle-team-tab\">\n<p><span style=\"color: #808080;\">ASARCO General Director<\/span><\/p>\n<p>&nbsp;<\/p>\n<\/div>\n<\/div>\n<p>&nbsp;<\/p>\n<div class=\"subtitle-team\">\n<p><span style=\"color: #0096a9;\"><b>INDUSTRIAL MINERA M\u00c9XICO<\/b><\/span><\/p>\n<p>&nbsp;<\/p>\n<\/div>\n<div><\/div>\n<div class=\"item-team-tab\">\n<h4 class=\"item-title-team-tab\"><span style=\"color: #808080;\">ALFONSO VENTURA NEVARES<\/span><\/h4>\n<div class=\"item-subtitle-team-tab\"><span style=\"color: #808080;\">Industrial Minera M\u00e9xico General Director<\/span><\/div>\n<div><\/div>\n<\/div>\n<p>[\/vc_column_text][\/vc_column][\/vc_row]<\/p>\n<\/div>","protected":false},"excerpt":{"rendered":"<p>[vc_row full_width=&#8221;stretch_row_content&#8221; equal_height=&#8221;yes&#8221;][vc_column width=&#8221;1\/4&#8243; css=&#8221;.vc_custom_1654753480367{background-color: #0096a9 !important;}&#8221;][vc_column_text] CORPORATE GOVERNANCE [\/vc_column_text][\/vc_column][vc_column width=&#8221;3\/4&#8243; css=&#8221;.vc_custom_1645517598964{background-color: #ededed !important;}&#8221;][vc_column_text] SENIOR MANAGEMENT AMC [\/vc_column_text][\/vc_column][\/vc_row][vc_row][vc_column css=&#8221;.vc_custom_1675228877639{padding-top: 2% !important;}&#8221;][vc_column_text] AMERICAS MINING CORPORATION MINING DIVISION [\/vc_column_text][\/vc_column][\/vc_row][vc_row][vc_column width=&#8221;1\/2&#8243;][vc_column_text] GERM\u00c1N LARREA MOTA VELASCO Chairman of the Board &nbsp; OSCAR GONZ\u00c1LEZ ROCHA Chief Executive Officer &nbsp; XAVIER GARC\u00cdA DE QUEVEDO TOPETE Executive Vice-President &nbsp; LEONARDO CONTRERAS LERDO&hellip;<\/p>\n","protected":false},"author":1,"featured_media":0,"parent":0,"menu_order":0,"comment_status":"closed","ping_status":"closed","template":"","meta":{"footnotes":""},"class_list":["post-223","page","type-page","status-publish","hentry","description-off"],"yoast_head":"<!-- This site is optimized with the Yoast SEO plugin v26.0 - https:\/\/yoast.com\/wordpress\/plugins\/seo\/ -->\n<title>Senior Management AMC - Americas Mining Corporation ENG<\/title>\n<meta name=\"robots\" content=\"index, follow, max-snippet:-1, max-image-preview:large, max-video-preview:-1\" \/>\n<link rel=\"canonical\" href=\"https:\/\/www.americasmining.com\/eng\/senior-management\/\" \/>\n<meta property=\"og:locale\" content=\"en_US\" \/>\n<meta property=\"og:type\" content=\"article\" \/>\n<meta property=\"og:title\" content=\"Senior Management AMC - Americas Mining Corporation ENG\" \/>\n<meta property=\"og:description\" content=\"[vc_row full_width=&#8221;stretch_row_content&#8221; equal_height=&#8221;yes&#8221;][vc_column width=&#8221;1\/4&#8243; css=&#8221;.vc_custom_1654753480367{background-color: #0096a9 !important;}&#8221;][vc_column_text] CORPORATE GOVERNANCE [\/vc_column_text][\/vc_column][vc_column width=&#8221;3\/4&#8243; css=&#8221;.vc_custom_1645517598964{background-color: #ededed !important;}&#8221;][vc_column_text] SENIOR MANAGEMENT AMC [\/vc_column_text][\/vc_column][\/vc_row][vc_row][vc_column css=&#8221;.vc_custom_1675228877639{padding-top: 2% !important;}&#8221;][vc_column_text] AMERICAS MINING CORPORATION MINING DIVISION [\/vc_column_text][\/vc_column][\/vc_row][vc_row][vc_column width=&#8221;1\/2&#8243;][vc_column_text] GERM\u00c1N LARREA MOTA VELASCO Chairman of the Board &nbsp; OSCAR GONZ\u00c1LEZ ROCHA Chief Executive Officer &nbsp; XAVIER GARC\u00cdA DE QUEVEDO TOPETE Executive Vice-President &nbsp; LEONARDO CONTRERAS LERDO&hellip;\" \/>\n<meta property=\"og:url\" content=\"https:\/\/www.americasmining.com\/eng\/senior-management\/\" \/>\n<meta property=\"og:site_name\" content=\"Americas Mining Corporation ENG\" \/>\n<meta property=\"article:modified_time\" content=\"2023-02-02T20:17:43+00:00\" \/>\n<meta name=\"twitter:card\" content=\"summary_large_image\" \/>\n<meta name=\"twitter:label1\" content=\"Est. reading time\" \/>\n\t<meta name=\"twitter:data1\" content=\"2 minutes\" \/>\n<script type=\"application\/ld+json\" class=\"yoast-schema-graph\">{\"@context\":\"https:\/\/schema.org\",\"@graph\":[{\"@type\":\"WebPage\",\"@id\":\"https:\/\/www.americasmining.com\/eng\/senior-management\/\",\"url\":\"https:\/\/www.americasmining.com\/eng\/senior-management\/\",\"name\":\"Senior Management AMC - Americas Mining Corporation ENG\",\"isPartOf\":{\"@id\":\"https:\/\/www.americasmining.com\/eng\/#website\"},\"datePublished\":\"2022-03-31T04:52:42+00:00\",\"dateModified\":\"2023-02-02T20:17:43+00:00\",\"breadcrumb\":{\"@id\":\"https:\/\/www.americasmining.com\/eng\/senior-management\/#breadcrumb\"},\"inLanguage\":\"en-US\",\"potentialAction\":[{\"@type\":\"ReadAction\",\"target\":[\"https:\/\/www.americasmining.com\/eng\/senior-management\/\"]}]},{\"@type\":\"BreadcrumbList\",\"@id\":\"https:\/\/www.americasmining.com\/eng\/senior-management\/#breadcrumb\",\"itemListElement\":[{\"@type\":\"ListItem\",\"position\":1,\"name\":\"Inicio\",\"item\":\"https:\/\/www.americasmining.com\/eng\/\"},{\"@type\":\"ListItem\",\"position\":2,\"name\":\"Senior Management AMC\"}]},{\"@type\":\"WebSite\",\"@id\":\"https:\/\/www.americasmining.com\/eng\/#website\",\"url\":\"https:\/\/www.americasmining.com\/eng\/\",\"name\":\"Americas Mining Corporation ENG\",\"description\":\"\",\"publisher\":{\"@id\":\"https:\/\/www.americasmining.com\/eng\/#organization\"},\"potentialAction\":[{\"@type\":\"SearchAction\",\"target\":{\"@type\":\"EntryPoint\",\"urlTemplate\":\"https:\/\/www.americasmining.com\/eng\/?s={search_term_string}\"},\"query-input\":{\"@type\":\"PropertyValueSpecification\",\"valueRequired\":true,\"valueName\":\"search_term_string\"}}],\"inLanguage\":\"en-US\"},{\"@type\":\"Organization\",\"@id\":\"https:\/\/www.americasmining.com\/eng\/#organization\",\"name\":\"Americas Mining Corporation ENG\",\"url\":\"https:\/\/www.americasmining.com\/eng\/\",\"logo\":{\"@type\":\"ImageObject\",\"inLanguage\":\"en-US\",\"@id\":\"https:\/\/www.americasmining.com\/eng\/#\/schema\/logo\/image\/\",\"url\":\"https:\/\/www.americasmining.com\/eng\/wp-content\/uploads\/sites\/2\/2023\/01\/GrupoMexico.png\",\"contentUrl\":\"https:\/\/www.americasmining.com\/eng\/wp-content\/uploads\/sites\/2\/2023\/01\/GrupoMexico.png\",\"width\":304,\"height\":194,\"caption\":\"Americas Mining Corporation ENG\"},\"image\":{\"@id\":\"https:\/\/www.americasmining.com\/eng\/#\/schema\/logo\/image\/\"}}]}<\/script>\n<!-- \/ Yoast SEO plugin. -->","yoast_head_json":{"title":"Senior Management AMC - Americas Mining Corporation ENG","robots":{"index":"index","follow":"follow","max-snippet":"max-snippet:-1","max-image-preview":"max-image-preview:large","max-video-preview":"max-video-preview:-1"},"canonical":"https:\/\/www.americasmining.com\/eng\/senior-management\/","og_locale":"en_US","og_type":"article","og_title":"Senior Management AMC - Americas Mining Corporation ENG","og_description":"[vc_row full_width=&#8221;stretch_row_content&#8221; equal_height=&#8221;yes&#8221;][vc_column width=&#8221;1\/4&#8243; css=&#8221;.vc_custom_1654753480367{background-color: #0096a9 !important;}&#8221;][vc_column_text] CORPORATE GOVERNANCE [\/vc_column_text][\/vc_column][vc_column width=&#8221;3\/4&#8243; css=&#8221;.vc_custom_1645517598964{background-color: #ededed !important;}&#8221;][vc_column_text] SENIOR MANAGEMENT AMC [\/vc_column_text][\/vc_column][\/vc_row][vc_row][vc_column css=&#8221;.vc_custom_1675228877639{padding-top: 2% !important;}&#8221;][vc_column_text] AMERICAS MINING CORPORATION MINING DIVISION [\/vc_column_text][\/vc_column][\/vc_row][vc_row][vc_column width=&#8221;1\/2&#8243;][vc_column_text] GERM\u00c1N LARREA MOTA VELASCO Chairman of the Board &nbsp; OSCAR GONZ\u00c1LEZ ROCHA Chief Executive Officer &nbsp; XAVIER GARC\u00cdA DE QUEVEDO TOPETE Executive Vice-President &nbsp; LEONARDO CONTRERAS LERDO&hellip;","og_url":"https:\/\/www.americasmining.com\/eng\/senior-management\/","og_site_name":"Americas Mining Corporation ENG","article_modified_time":"2023-02-02T20:17:43+00:00","twitter_card":"summary_large_image","twitter_misc":{"Est. reading time":"2 minutes"},"schema":{"@context":"https:\/\/schema.org","@graph":[{"@type":"WebPage","@id":"https:\/\/www.americasmining.com\/eng\/senior-management\/","url":"https:\/\/www.americasmining.com\/eng\/senior-management\/","name":"Senior Management AMC - Americas Mining Corporation ENG","isPartOf":{"@id":"https:\/\/www.americasmining.com\/eng\/#website"},"datePublished":"2022-03-31T04:52:42+00:00","dateModified":"2023-02-02T20:17:43+00:00","breadcrumb":{"@id":"https:\/\/www.americasmining.com\/eng\/senior-management\/#breadcrumb"},"inLanguage":"en-US","potentialAction":[{"@type":"ReadAction","target":["https:\/\/www.americasmining.com\/eng\/senior-management\/"]}]},{"@type":"BreadcrumbList","@id":"https:\/\/www.americasmining.com\/eng\/senior-management\/#breadcrumb","itemListElement":[{"@type":"ListItem","position":1,"name":"Inicio","item":"https:\/\/www.americasmining.com\/eng\/"},{"@type":"ListItem","position":2,"name":"Senior Management AMC"}]},{"@type":"WebSite","@id":"https:\/\/www.americasmining.com\/eng\/#website","url":"https:\/\/www.americasmining.com\/eng\/","name":"Americas Mining Corporation ENG","description":"","publisher":{"@id":"https:\/\/www.americasmining.com\/eng\/#organization"},"potentialAction":[{"@type":"SearchAction","target":{"@type":"EntryPoint","urlTemplate":"https:\/\/www.americasmining.com\/eng\/?s={search_term_string}"},"query-input":{"@type":"PropertyValueSpecification","valueRequired":true,"valueName":"search_term_string"}}],"inLanguage":"en-US"},{"@type":"Organization","@id":"https:\/\/www.americasmining.com\/eng\/#organization","name":"Americas Mining Corporation ENG","url":"https:\/\/www.americasmining.com\/eng\/","logo":{"@type":"ImageObject","inLanguage":"en-US","@id":"https:\/\/www.americasmining.com\/eng\/#\/schema\/logo\/image\/","url":"https:\/\/www.americasmining.com\/eng\/wp-content\/uploads\/sites\/2\/2023\/01\/GrupoMexico.png","contentUrl":"https:\/\/www.americasmining.com\/eng\/wp-content\/uploads\/sites\/2\/2023\/01\/GrupoMexico.png","width":304,"height":194,"caption":"Americas Mining Corporation ENG"},"image":{"@id":"https:\/\/www.americasmining.com\/eng\/#\/schema\/logo\/image\/"}}]}},"_links":{"self":[{"href":"https:\/\/www.americasmining.com\/eng\/wp-json\/wp\/v2\/pages\/223","targetHints":{"allow":["GET"]}}],"collection":[{"href":"https:\/\/www.americasmining.com\/eng\/wp-json\/wp\/v2\/pages"}],"about":[{"href":"https:\/\/www.americasmining.com\/eng\/wp-json\/wp\/v2\/types\/page"}],"author":[{"embeddable":true,"href":"https:\/\/www.americasmining.com\/eng\/wp-json\/wp\/v2\/users\/1"}],"replies":[{"embeddable":true,"href":"https:\/\/www.americasmining.com\/eng\/wp-json\/wp\/v2\/comments?post=223"}],"version-history":[{"count":0,"href":"https:\/\/www.americasmining.com\/eng\/wp-json\/wp\/v2\/pages\/223\/revisions"}],"wp:attachment":[{"href":"https:\/\/www.americasmining.com\/eng\/wp-json\/wp\/v2\/media?parent=223"}],"curies":[{"name":"wp","href":"https:\/\/api.w.org\/{rel}","templated":true}]}}