{"id":363,"date":"2022-06-09T06:47:04","date_gmt":"2022-06-09T06:47:04","guid":{"rendered":"https:\/\/amcmining.wpengine.com\/?page_id=363"},"modified":"2023-04-10T22:00:09","modified_gmt":"2023-04-10T22:00:09","slug":"integrity-and-compliance","status":"publish","type":"page","link":"https:\/\/www.americasmining.com\/eng\/integrity-and-compliance\/","title":{"rendered":"Integrity and Compliance"},"content":{"rendered":"<div class=\"wpb-content-wrapper\"><p>[vc_row full_width=&#8221;stretch_row_content&#8221; equal_height=&#8221;yes&#8221;][vc_column width=&#8221;1\/4&#8243; css=&#8221;.vc_custom_1654757583278{background-color: #be4d00 !important;}&#8221;][vc_column_text]<\/p>\n<p style=\"text-align: right;\"><span style=\"color: #ffffff;\">CORPORATE<\/span><br \/>\n<span style=\"color: #ffffff;\">GOVERNANCE<\/span><\/p>\n<p>[\/vc_column_text][\/vc_column][vc_column width=&#8221;3\/4&#8243; css=&#8221;.vc_custom_1645517598964{background-color: #ededed !important;}&#8221;][vc_column_text]<\/p>\n<h2 class=\"xs-fix-pad\"><span style=\"color: #545859;\">INTEGRITY AND COMPLIANCE<\/span><\/h2>\n<p>[\/vc_column_text][\/vc_column][\/vc_row][vc_row][vc_column css=&#8221;.vc_custom_1654757607357{padding-top: 50px !important;}&#8221;][vc_column_text]<\/p>\n<h4>COMPLIANCE COMMITTEE<\/h4>\n<p>&nbsp;<\/p>\n<div class=\"description-integridad-module\">\n<p>The purpose is to identify, mitigate, prevent and report acts and\/or transactions that could involve potentially illegally obtained resources, in order to promote compliance with current regulations on AML and Financing of Terrorism.<\/p>\n<p>&nbsp;<\/p>\n<p>Therefore, we have an AMC Legal and Compliance Department and a Compliance Area in each country with its corresponding Compliance Officer in Mexico, Peru and the United States.<\/p>\n<\/div>\n<p>[\/vc_column_text][\/vc_column][\/vc_row][vc_row full_width=&#8221;stretch_row&#8221; equal_height=&#8221;yes&#8221; bg_type=&#8221;image&#8221; parallax_style=&#8221;vcpb-vz-jquery&#8221; bg_image_new=&#8221;id^430|url^https:\/\/www.americasmining.com\/wp-content\/uploads\/2022\/06\/CumplimientoParallax.jpg|caption^null|alt^null|title^CumplimientoParallax|description^null&#8221; css=&#8221;.vc_custom_1658291081184{padding-top: 400px !important;}&#8221;][vc_column][\/vc_column][\/vc_row][vc_row equal_height=&#8221;yes&#8221; disable_element=&#8221;yes&#8221;][vc_column width=&#8221;1\/3&#8243; css=&#8221;.vc_custom_1654826276837{padding-left: 50px !important;background-color: #efefef !important;}&#8221;][vc_column_text]<\/p>\n<h4>L\u00cdNEA DE NEGOCIO<\/h4>\n<p>P\u00e1gina web:<\/p>\n<h5><a class=\"link-btn\" href=\"https:\/\/www.lineadedenuncia.com\/grupomexico\/default.html\" target=\"_blank\" rel=\"noopener\">WWW.LINEADEDENUNCIA.COM\/GRUPOMEXICO<\/a><\/h5>\n<p>Correo electr\u00f3nico:<br \/>\ngms@lineadedenuncia.com<\/p>\n<p>Tel\u00e9fono: 800 062 2105[\/vc_column_text][\/vc_column][vc_column width=&#8221;1\/3&#8243; css=&#8221;.vc_custom_1654826077881{background-color: #efefef !important;}&#8221;][vc_column_text]<\/p>\n<h4 class=\"title-culture-corporate\">C\u00d3DIGO DE \u00c9TICA<\/h4>\n<div class=\"description-culture-corporate\">\n<p>En Grupo M\u00e9xico creemos en actuar \u00e9ticamente con la total convicci\u00f3n de que es lo mejor tanto para nuestro desempe\u00f1o como empresa, como para nuestros intereses como parte de la sociedad.<\/p>\n<p>&nbsp;<\/p>\n<\/div>\n<div>\n<h5><a class=\"link-btn\" href=\"https:\/\/www.gmexico.com\/GMDocs\/CulturaCorporativa\/CC_ES_01.pdf\">DESCARGAR\u00a0<\/a><\/h5>\n<\/div>\n<p>[\/vc_column_text][\/vc_column][vc_column width=&#8221;1\/3&#8243;][\/vc_column][\/vc_row]<\/p>\n<\/div>","protected":false},"excerpt":{"rendered":"<p>[vc_row full_width=&#8221;stretch_row_content&#8221; equal_height=&#8221;yes&#8221;][vc_column width=&#8221;1\/4&#8243; css=&#8221;.vc_custom_1654757583278{background-color: #be4d00 !important;}&#8221;][vc_column_text] CORPORATE GOVERNANCE [\/vc_column_text][\/vc_column][vc_column width=&#8221;3\/4&#8243; css=&#8221;.vc_custom_1645517598964{background-color: #ededed !important;}&#8221;][vc_column_text] INTEGRITY AND COMPLIANCE [\/vc_column_text][\/vc_column][\/vc_row][vc_row][vc_column css=&#8221;.vc_custom_1654757607357{padding-top: 50px !important;}&#8221;][vc_column_text] COMPLIANCE COMMITTEE &nbsp; The purpose is to identify, mitigate, prevent and report acts and\/or transactions that could involve potentially illegally obtained resources, in order to promote compliance with current regulations on AML and Financing&hellip;<\/p>\n","protected":false},"author":1,"featured_media":0,"parent":0,"menu_order":0,"comment_status":"closed","ping_status":"closed","template":"","meta":{"footnotes":""},"class_list":["post-363","page","type-page","status-publish","hentry","description-off"],"yoast_head":"<!-- This site is optimized with the Yoast SEO plugin v26.0 - https:\/\/yoast.com\/wordpress\/plugins\/seo\/ -->\n<title>Integrity and Compliance - Americas Mining Corporation ENG<\/title>\n<meta name=\"robots\" content=\"index, follow, max-snippet:-1, max-image-preview:large, max-video-preview:-1\" \/>\n<link rel=\"canonical\" href=\"https:\/\/www.americasmining.com\/eng\/integrity-and-compliance\/\" \/>\n<meta property=\"og:locale\" content=\"en_US\" \/>\n<meta property=\"og:type\" content=\"article\" \/>\n<meta property=\"og:title\" content=\"Integrity and Compliance - Americas Mining Corporation ENG\" \/>\n<meta property=\"og:description\" content=\"[vc_row full_width=&#8221;stretch_row_content&#8221; equal_height=&#8221;yes&#8221;][vc_column width=&#8221;1\/4&#8243; css=&#8221;.vc_custom_1654757583278{background-color: #be4d00 !important;}&#8221;][vc_column_text] CORPORATE GOVERNANCE [\/vc_column_text][\/vc_column][vc_column width=&#8221;3\/4&#8243; css=&#8221;.vc_custom_1645517598964{background-color: #ededed !important;}&#8221;][vc_column_text] INTEGRITY AND COMPLIANCE [\/vc_column_text][\/vc_column][\/vc_row][vc_row][vc_column css=&#8221;.vc_custom_1654757607357{padding-top: 50px !important;}&#8221;][vc_column_text] COMPLIANCE COMMITTEE &nbsp; The purpose is to identify, mitigate, prevent and report acts and\/or transactions that could involve potentially illegally obtained resources, in order to promote compliance with current regulations on AML and Financing&hellip;\" \/>\n<meta property=\"og:url\" content=\"https:\/\/www.americasmining.com\/eng\/integrity-and-compliance\/\" \/>\n<meta property=\"og:site_name\" content=\"Americas Mining Corporation ENG\" \/>\n<meta property=\"article:modified_time\" content=\"2023-04-10T22:00:09+00:00\" \/>\n<meta name=\"twitter:card\" content=\"summary_large_image\" \/>\n<meta name=\"twitter:label1\" content=\"Est. reading time\" \/>\n\t<meta name=\"twitter:data1\" content=\"1 minute\" \/>\n<script type=\"application\/ld+json\" class=\"yoast-schema-graph\">{\"@context\":\"https:\/\/schema.org\",\"@graph\":[{\"@type\":\"WebPage\",\"@id\":\"https:\/\/www.americasmining.com\/eng\/integrity-and-compliance\/\",\"url\":\"https:\/\/www.americasmining.com\/eng\/integrity-and-compliance\/\",\"name\":\"Integrity and Compliance - Americas Mining Corporation ENG\",\"isPartOf\":{\"@id\":\"https:\/\/www.americasmining.com\/eng\/#website\"},\"datePublished\":\"2022-06-09T06:47:04+00:00\",\"dateModified\":\"2023-04-10T22:00:09+00:00\",\"breadcrumb\":{\"@id\":\"https:\/\/www.americasmining.com\/eng\/integrity-and-compliance\/#breadcrumb\"},\"inLanguage\":\"en-US\",\"potentialAction\":[{\"@type\":\"ReadAction\",\"target\":[\"https:\/\/www.americasmining.com\/eng\/integrity-and-compliance\/\"]}]},{\"@type\":\"BreadcrumbList\",\"@id\":\"https:\/\/www.americasmining.com\/eng\/integrity-and-compliance\/#breadcrumb\",\"itemListElement\":[{\"@type\":\"ListItem\",\"position\":1,\"name\":\"Inicio\",\"item\":\"https:\/\/www.americasmining.com\/eng\/\"},{\"@type\":\"ListItem\",\"position\":2,\"name\":\"Integrity and Compliance\"}]},{\"@type\":\"WebSite\",\"@id\":\"https:\/\/www.americasmining.com\/eng\/#website\",\"url\":\"https:\/\/www.americasmining.com\/eng\/\",\"name\":\"Americas Mining Corporation ENG\",\"description\":\"\",\"publisher\":{\"@id\":\"https:\/\/www.americasmining.com\/eng\/#organization\"},\"potentialAction\":[{\"@type\":\"SearchAction\",\"target\":{\"@type\":\"EntryPoint\",\"urlTemplate\":\"https:\/\/www.americasmining.com\/eng\/?s={search_term_string}\"},\"query-input\":{\"@type\":\"PropertyValueSpecification\",\"valueRequired\":true,\"valueName\":\"search_term_string\"}}],\"inLanguage\":\"en-US\"},{\"@type\":\"Organization\",\"@id\":\"https:\/\/www.americasmining.com\/eng\/#organization\",\"name\":\"Americas Mining Corporation ENG\",\"url\":\"https:\/\/www.americasmining.com\/eng\/\",\"logo\":{\"@type\":\"ImageObject\",\"inLanguage\":\"en-US\",\"@id\":\"https:\/\/www.americasmining.com\/eng\/#\/schema\/logo\/image\/\",\"url\":\"https:\/\/www.americasmining.com\/eng\/wp-content\/uploads\/sites\/2\/2023\/01\/GrupoMexico.png\",\"contentUrl\":\"https:\/\/www.americasmining.com\/eng\/wp-content\/uploads\/sites\/2\/2023\/01\/GrupoMexico.png\",\"width\":304,\"height\":194,\"caption\":\"Americas Mining Corporation ENG\"},\"image\":{\"@id\":\"https:\/\/www.americasmining.com\/eng\/#\/schema\/logo\/image\/\"}}]}<\/script>\n<!-- \/ Yoast SEO plugin. -->","yoast_head_json":{"title":"Integrity and Compliance - Americas Mining Corporation ENG","robots":{"index":"index","follow":"follow","max-snippet":"max-snippet:-1","max-image-preview":"max-image-preview:large","max-video-preview":"max-video-preview:-1"},"canonical":"https:\/\/www.americasmining.com\/eng\/integrity-and-compliance\/","og_locale":"en_US","og_type":"article","og_title":"Integrity and Compliance - Americas Mining Corporation ENG","og_description":"[vc_row full_width=&#8221;stretch_row_content&#8221; equal_height=&#8221;yes&#8221;][vc_column width=&#8221;1\/4&#8243; css=&#8221;.vc_custom_1654757583278{background-color: #be4d00 !important;}&#8221;][vc_column_text] CORPORATE GOVERNANCE [\/vc_column_text][\/vc_column][vc_column width=&#8221;3\/4&#8243; css=&#8221;.vc_custom_1645517598964{background-color: #ededed !important;}&#8221;][vc_column_text] INTEGRITY AND COMPLIANCE [\/vc_column_text][\/vc_column][\/vc_row][vc_row][vc_column css=&#8221;.vc_custom_1654757607357{padding-top: 50px !important;}&#8221;][vc_column_text] COMPLIANCE COMMITTEE &nbsp; The purpose is to identify, mitigate, prevent and report acts and\/or transactions that could involve potentially illegally obtained resources, in order to promote compliance with current regulations on AML and Financing&hellip;","og_url":"https:\/\/www.americasmining.com\/eng\/integrity-and-compliance\/","og_site_name":"Americas Mining Corporation ENG","article_modified_time":"2023-04-10T22:00:09+00:00","twitter_card":"summary_large_image","twitter_misc":{"Est. reading time":"1 minute"},"schema":{"@context":"https:\/\/schema.org","@graph":[{"@type":"WebPage","@id":"https:\/\/www.americasmining.com\/eng\/integrity-and-compliance\/","url":"https:\/\/www.americasmining.com\/eng\/integrity-and-compliance\/","name":"Integrity and Compliance - Americas Mining Corporation ENG","isPartOf":{"@id":"https:\/\/www.americasmining.com\/eng\/#website"},"datePublished":"2022-06-09T06:47:04+00:00","dateModified":"2023-04-10T22:00:09+00:00","breadcrumb":{"@id":"https:\/\/www.americasmining.com\/eng\/integrity-and-compliance\/#breadcrumb"},"inLanguage":"en-US","potentialAction":[{"@type":"ReadAction","target":["https:\/\/www.americasmining.com\/eng\/integrity-and-compliance\/"]}]},{"@type":"BreadcrumbList","@id":"https:\/\/www.americasmining.com\/eng\/integrity-and-compliance\/#breadcrumb","itemListElement":[{"@type":"ListItem","position":1,"name":"Inicio","item":"https:\/\/www.americasmining.com\/eng\/"},{"@type":"ListItem","position":2,"name":"Integrity and Compliance"}]},{"@type":"WebSite","@id":"https:\/\/www.americasmining.com\/eng\/#website","url":"https:\/\/www.americasmining.com\/eng\/","name":"Americas Mining Corporation ENG","description":"","publisher":{"@id":"https:\/\/www.americasmining.com\/eng\/#organization"},"potentialAction":[{"@type":"SearchAction","target":{"@type":"EntryPoint","urlTemplate":"https:\/\/www.americasmining.com\/eng\/?s={search_term_string}"},"query-input":{"@type":"PropertyValueSpecification","valueRequired":true,"valueName":"search_term_string"}}],"inLanguage":"en-US"},{"@type":"Organization","@id":"https:\/\/www.americasmining.com\/eng\/#organization","name":"Americas Mining Corporation ENG","url":"https:\/\/www.americasmining.com\/eng\/","logo":{"@type":"ImageObject","inLanguage":"en-US","@id":"https:\/\/www.americasmining.com\/eng\/#\/schema\/logo\/image\/","url":"https:\/\/www.americasmining.com\/eng\/wp-content\/uploads\/sites\/2\/2023\/01\/GrupoMexico.png","contentUrl":"https:\/\/www.americasmining.com\/eng\/wp-content\/uploads\/sites\/2\/2023\/01\/GrupoMexico.png","width":304,"height":194,"caption":"Americas Mining Corporation ENG"},"image":{"@id":"https:\/\/www.americasmining.com\/eng\/#\/schema\/logo\/image\/"}}]}},"_links":{"self":[{"href":"https:\/\/www.americasmining.com\/eng\/wp-json\/wp\/v2\/pages\/363","targetHints":{"allow":["GET"]}}],"collection":[{"href":"https:\/\/www.americasmining.com\/eng\/wp-json\/wp\/v2\/pages"}],"about":[{"href":"https:\/\/www.americasmining.com\/eng\/wp-json\/wp\/v2\/types\/page"}],"author":[{"embeddable":true,"href":"https:\/\/www.americasmining.com\/eng\/wp-json\/wp\/v2\/users\/1"}],"replies":[{"embeddable":true,"href":"https:\/\/www.americasmining.com\/eng\/wp-json\/wp\/v2\/comments?post=363"}],"version-history":[{"count":0,"href":"https:\/\/www.americasmining.com\/eng\/wp-json\/wp\/v2\/pages\/363\/revisions"}],"wp:attachment":[{"href":"https:\/\/www.americasmining.com\/eng\/wp-json\/wp\/v2\/media?parent=363"}],"curies":[{"name":"wp","href":"https:\/\/api.w.org\/{rel}","templated":true}]}}